{"id":14,"date":"2022-06-09T15:18:18","date_gmt":"2022-06-09T15:18:18","guid":{"rendered":"https:\/\/cafe-live.de\/?page_id=14"},"modified":"2022-06-09T15:18:44","modified_gmt":"2022-06-09T15:18:44","slug":"page","status":"publish","type":"page","link":"https:\/\/cafe-live.de\/","title":{"rendered":"Live Casino iPhone"},"content":{"rendered":"<div class=\"\" style=\"\" >\n    \n    <section class=\"u-clearfix u-section-2\" id=\"sec-fac3\">\n      <div class=\"u-clearfix u-sheet u-sheet-1\">\n        <h1 class=\"u-align-center u-text u-text-default u-text-1\"> Die besten Live Casinos iPhone 2022<\/h1>\n        <div class=\"u-clearfix u-expanded-width u-layout-wrap u-layout-wrap-1\">\n          <div class=\"u-layout\">\n            <div class=\"u-layout-row\">\n              <div class=\"u-container-style u-layout-cell u-size-30 u-layout-cell-1\">\n                <div class=\"u-container-layout u-container-layout-1\">\n                  <div class=\"u-clearfix u-custom-html u-expanded-width u-custom-html-1\">\n                    <p>Wenn Sie auf der Suche nach iPhone live Casinos sind, hilft Ihnen unser exklusiver Leitfaden dabei, sicherzustellen, dass Sie nur die besten kostenlosen und Echtgeldspiele spielen, die Ihnen zur Verf\u00fcgung stehen.<\/p>\n                    <p><\/p>\n                    <p>Wir haben Listen der besten Live Casinos iPhone und iOS Casino Apps zusammengestellt und sie nach Spielerfahrung, Spielqualit\u00e4t, Bonusbelohnungen, Auszahlungsrate und Geschwindigkeit der Auszahlung bewertet. Auf dieser Seite finden Sie:<\/p>\n                    <p><\/p>\n                    <p>Die besten mobilen Live Casinos iphone<\/p>\n                    <p>Unsere Nr. 1 unter den empfohlenen Gl\u00fccksspielseiten mit den besten Spielen f\u00fcr das iPhone (Stand: Juni 2022) ist Gambino Slots.<\/p>\n                  <\/div>\n                <\/div>\n              <\/div>\n              <div class=\"u-container-style u-layout-cell u-size-30 u-layout-cell-2\">\n                <div class=\"u-container-layout u-valign-top u-container-layout-2\">\n                  <img decoding=\"async\" class=\"u-expanded-width u-image u-image-default u-image-1\" src=\"https:\/\/cafe-live.de\/wp-content\/uploads\/2022\/06\/live-casino-for-iphone.jpg\" alt=\"\" data-image-width=\"340\" data-image-height=\"148\">\n                <\/div>\n              <\/div>\n            <\/div>\n          <\/div>\n        <\/div>\n        <div class=\"u-clearfix u-custom-html u-expanded-width u-custom-html-2\">\n          <h2>WIE FUNKTIONIEREN LIVE CASINOS IPHONE ?<\/h2>\n          <p>Die besten Live iPhone Casino Apps und Spiele sind so beliebt, weil sie es Ihnen erm\u00f6glichen, unterwegs zu spielen. Mit einem der von uns empfohlenen Anbieter k\u00f6nnen Sie auf dem Weg zur Arbeit Blackjack spielen, abends vor dem Fernseher ein paar Runden Live Roulette genie\u00dfen oder jederzeit ein paar Runden iPhone Poker spielen.<\/p>\n          <p><\/p>\n          <p>Die besten Apps bieten iPhone Spielern au\u00dferdem unglaubliche kostenlose Boni. Der einzige Nachteil ist, dass einige live Casinos iPhone und mobile online Casinos eine geringere Spielauswahl haben als Desktop Casinos. Um sofort in den besten iPhone Casinos zu spielen, folgen Sie diesen einfachen Schritten.<\/p>\n        <\/div>\n        <img decoding=\"async\" class=\"u-image u-preserve-proportions u-image-2\" src=\"https:\/\/cafe-live.de\/wp-content\/uploads\/2022\/06\/livemobilecasino.png\" data-image-width=\"512\" data-image-height=\"357\">\n        <div class=\"u-clearfix u-custom-html u-expanded-width u-custom-html-3\">\n          <h2>SPIELEN IN EINEM IPHONE-LIVE-CASINO - DIE ERSTEN SCHRITTE<\/h2>\n          <ol>\n            <li>Vergewissern Sie sich, dass Sie ein Smartphone oder Tablet und entweder einen Datentarif oder Zugang zu Wi-Fi haben.<\/li>\n            <li>Achten Sie darauf, wie viel Datenvolumen Sie in Ihrem Handytarif haben, um sicherzustellen, dass Sie beim Spielen von Spielautomaten nicht \u00fcber das Limit hinausgehen.<\/li>\n            <li>Wenn Sie sich Sorgen um Ihr Datenlimit machen, versuchen Sie, wann immer m\u00f6glich, Wi-Fi zu nutzen.<\/li>\n            <li>Machen Sie sich keine Gedanken \u00fcber die Installation einer App. Alle von uns empfohlenen Live Casinos iPhone bieten mobile Spielautomaten auf ihren Websites an, sodass Sie mit Ihrem Internetbrowser spielen k\u00f6nnen.<\/li>\n            <li>Nutzen Sie unsere speziellen Links, um sich f\u00fcr ein neues Konto anzumelden, und Sie kommen in den Genuss spezieller Einzahlungsboni (einschlie\u00dflich Bonusse ohne Einzahlung und Freispiele), die wir f\u00fcr unsere Spieler von mobilen Spielautomaten ausgehandelt haben.<\/li>\n            <li>Manchmal k\u00f6nnen Sie sogar per Handy einzahlen. Spielautomaten sind f\u00fcr einfache Einzahlungen und Auszahlungen konzipiert, damit Sie schnell und einfach spielen k\u00f6nnen.<\/li>\n            <li>Selbst wenn Sie zu Hause sind, kann die Nutzung eines Tablets viel bequemer und komfortabler sein als die Nutzung eines PCs oder Macs. Wenn Sie es einmal ausprobiert haben, werden Sie vielleicht nie wieder auf Ihrem Computer spielen wollen.<\/li>\n          <\/ol>\n        <\/div>\n      <\/div>\n    <\/section>\n    <section class=\"u-clearfix u-white u-section-3\" id=\"sec-096f\">\n      <div class=\"u-clearfix u-sheet u-sheet-1\">\n        <h2 class=\"u-align-center u-text u-text-default u-text-1\"> KOSTENLOSE LIVE-CASINO-SPIELE F\u00fcR DAS IPHONE SPIELEN<\/h2>\n        <img decoding=\"async\" class=\"u-image u-image-default u-image-1\" src=\"https:\/\/cafe-live.de\/wp-content\/uploads\/2022\/06\/LiveOnlineCasinosfrMobiltelefone.jpg\" alt=\"\" data-image-width=\"512\" data-image-height=\"288\">\n        <div class=\"u-clearfix u-custom-html u-custom-html-1\">\n          <h2>KANN ICH MIT EINER LIVE-CASINO-APP SPIELEN?<\/h2>\n          <p>iPhone Live Casinos und  Spiele ohne Download sind gro\u00dfartig, aber sie bieten nicht den ganzen Schnickschnack einer speziellen Casino App. Wenn Sie ein echtes Spielerlebnis wie auf einem Desktop PC suchen, dann sind Casino Apps die richtige Wahl.<\/p>\n          <p>Abgesehen vom anf\u00e4nglichen Download gibt es nichts, was sich vom Spielen auf Ihrem Computer unterscheidet. Sie haben Zugriff auf die Spielesammlung und k\u00f6nnen spielen, wann immer Sie wollen, und sind nicht mehr daran gebunden, zu Hause zu sein, um Ihre Lieblingsspiele zu genie\u00dfen. Es gibt sogar zus\u00e4tzliche Vorteile, die Sie genie\u00dfen k\u00f6nnen, wenn Sie sich f\u00fcr eine Live Casino App entscheiden, wie z. B.:<\/p>\n          <ol>\n            <li>Ger\u00e4tespezifische Boni<\/li>\n            <li>Einfaches und sicheres Banking<\/li>\n            <li>Ausgefeiltes Gameplay und Grafiken<\/li>\n          <\/ol>\n          <p>Warum also nicht noch heute einige Casino Apps ausprobieren? Alle von uns empfohlenen Echtgeld Casinos bieten brillante App Optionen, die ein unglaubliches Handheld Erlebnis und viele M\u00f6glichkeiten bieten, um echtes Geld zu gewinnen.<\/p>\n          <h2>APPS VS. BROWSERSPIELE<\/h2>\n          <table>\n            <tbody>\n              <tr>\n                <td>\n                  <p><b>Spielen in der App<\/b>\n                  <\/p>\n                <\/td>\n                <td>\n                  <p><b>Abspielen im Browser<\/b>\n                  <\/p>\n                <\/td>\n              <\/tr>\n              <tr>\n                <td>\n                  <p>Mehr Funktionen als die Web-Version<\/p>\n                <\/td>\n                <td>\n                  <p>Kein Download erforderlich<\/p>\n                <\/td>\n              <\/tr>\n              <tr>\n                <td>\n                  <p>Bessere Benutzeroberfl\u00e4che und besseres Gameplay<\/p>\n                <\/td>\n                <td>\n                  <p>Weniger Speicherplatz auf Ihrem iPhone<\/p>\n                <\/td>\n              <\/tr>\n              <tr>\n                <td>\n                  <p>Zugang zu einer vollst\u00e4ndigen Bibliothek von Spielen<\/p>\n                <\/td>\n                <td>\n                  <p>Leistungsstarkes Ger\u00e4t nicht erforderlich<\/p>\n                <\/td>\n              <\/tr>\n              <tr>\n                <td>\n                  <p>Bequemer als die Web-Version<\/p>\n                <\/td>\n                <td>\n                  <p>Schnellerer Spielbeginn<\/p>\n                <\/td>\n              <\/tr>\n              <tr>\n                <td>\n                  <p>Gleiche Qualit\u00e4t wie die Desktop-Version<\/p>\n                <\/td>\n                <td>\n                  <p>Spiele werden automatisch aktualisiert<\/p>\n                <\/td>\n              <\/tr>\n            <\/tbody>\n          <\/table>\n          <h2>FAQS<\/h2>\n          <h3>Was sind die besten Live Casino Anwendungen f\u00fcr das iPhone?<\/h3>\n          <p>Wenn Sie auf der Suche nach den besten der besten Live Casino Apps f\u00fcr das iPhone sind, sind Sie hier genau richtig. In der obigen Liste finden Sie die besten Apps, die den Spielern erstklassige Spiele, tolle Casino Boni und ein sicheres Spielerlebnis bieten.<\/p>\n          <h3>Wie fange ich mit einer iPhone Live Casino Website an?<\/h3>\n          <p>Das ist eigentlich ganz einfach, denn der Prozess \u00e4hnelt dem der Registrierung in einem normalen, webbasierten Online-Casino. Suchen Sie sich ein iPhone-Live-Casino, das Ihnen gef\u00e4llt, stellen Sie sicher, dass Ihr Ger\u00e4t den Anforderungen entspricht, gehen Sie durch die Anmeldeformalit\u00e4ten, fordern Sie einen eventuellen Willkommensbonus an, und schon k\u00f6nnen Sie loslegen.<\/p>\n          <h3>Kann ich auf meinem iPhone Casinospiele mit echtem Geld spielen?<\/h3>\n          <p>Ja - kostenlose Spiele k\u00f6nnen gespielt werden, w\u00e4hrend Sie eine Website ausw\u00e4hlen, die Ihnen zusagt. Melden Sie sich dann bei einer der Dutzenden von Echtgeld-Websites an, um Spielautomaten, Blackjack, Baccarat, Roulette, Videopoker, Craps und weitere Gl\u00fccksspiele mit einer breiten Palette von Limits zu spielen.<\/p>\n          <h3>Kann ich Einzahlungen auf mein iPhone-Konto vornehmen?<\/h3>\n          <p>Ja. Gehen Sie einfach auf die Registerkarte \"Kasse\" und geben Sie Ihre Karten oder eWallet Kontodaten ein. Wenn ein mobiles Casino keine breite Palette von Einzahlungsoptionen anbietet, empfehlen wir es nicht.<\/p>\n          <h3>Woher wei\u00df ich, dass iPhone Live Casinos sicher und zuverl\u00e4ssig sind?<\/h3>\n          <p>Nehmen Sie uns beim Wort, denn sie sind absolut sicher. Die besten deutschen Live-Casinos haben eine super sichere Software, auf die jede Bank stolz w\u00e4re. Stellen Sie einfach sicher, dass Sie pers\u00f6nliche Sicherheitseinstellungen auf Ihrem Smartphone eingerichtet haben, damit niemand auf Ihr Konto zugreifen kann.<\/p>\n          <p>Die besten Live Online Casinos mit iPhone sorgen auch daf\u00fcr, dass das Spielerlebnis so fair wie m\u00f6glich ist.<\/p>\n          <h3>Bekomme ich einen Bonus f\u00fcr die Anmeldung in einem Casino?<\/h3>\n          <p>Ja, das Beste am Spielen um echtes Geld in Gl\u00fccksspielr\u00e4umen im Internet ist, dass Sie bei der Anmeldung einen ordentlichen Einzahlungsbonus erhalten k\u00f6nnen. Spielen Sie genug Zeit durch - vor allem, wenn das Spielen auf Ihrem Smartphone \u00fcber Apps so einfach und schnell ist - und Sie werden in k\u00fcrzester Zeit einen sch\u00f6nen Einzahlungsbonus erhalten.<\/p>\n          <h3>Kann ich auf meinem iPhone spielen, wenn ich bereits ein Online Konto habe?<\/h3>\n          <p>Das h\u00e4ngt ganz davon ab, ob das betreffende Online Casino eine mobile Casino Plattform f\u00fcr das iPhone oder eine App anbietet oder nicht. Wenn die Antwort ja lautet, sollte Ihr Konto das Spielen auf beiden Plattformen abdecken.<\/p>\n        <\/div>\n      <\/div>\n    <\/section>\n    \n    \n    \n  \n<\/div>","protected":false},"excerpt":{"rendered":"<p>Die besten Live Casinos iPhone 2022 Wenn Sie auf der Suche nach iPhone live Casinos sind, hilft Ihnen unser exklusiver Leitfaden dabei, sicherzustellen, dass Sie nur die besten kostenlosen und Echtgeldspiele spielen, die Ihnen zur Verf\u00fcgung stehen. Wir haben Listen der besten Live Casinos iPhone und iOS Casino Apps zusammengestellt und sie nach Spielerfahrung, Spielqualit\u00e4t, [&hellip;]<\/p>\n","protected":false},"author":1,"featured_media":0,"parent":0,"menu_order":0,"comment_status":"closed","ping_status":"closed","template":"","meta":{"footnotes":""},"class_list":["post-14","page","type-page","status-publish","hentry"],"yoast_head":"<!-- This site is optimized with the Yoast SEO plugin v22.2 - https:\/\/yoast.com\/wordpress\/plugins\/seo\/ -->\n<title>Live Casino iPhone 2022 - Die besten Seiten in Deutschland<\/title>\n<meta name=\"description\" content=\"Spielen Sie Live Online Casinospiele mit Ihrem iPhone. Liste der besten Online Casinos mit Live Dealern in Deutschland f\u00fcr 2022\" \/>\n<meta name=\"robots\" content=\"index, follow, max-snippet:-1, max-image-preview:large, max-video-preview:-1\" \/>\n<link rel=\"canonical\" href=\"https:\/\/cafe-live.de\/\" \/>\n<meta property=\"og:locale\" content=\"en_US\" \/>\n<meta property=\"og:type\" content=\"article\" \/>\n<meta property=\"og:title\" content=\"Live Casino iPhone 2022 - Die besten Seiten in Deutschland\" \/>\n<meta property=\"og:description\" content=\"Spielen Sie Live Online Casinospiele mit Ihrem iPhone. Liste der besten Online Casinos mit Live Dealern in Deutschland f\u00fcr 2022\" \/>\n<meta property=\"og:url\" content=\"https:\/\/cafe-live.de\/\" \/>\n<meta property=\"og:site_name\" content=\"Cafe Live for Live Casino Online\" \/>\n<meta property=\"article:modified_time\" content=\"2022-06-09T15:18:44+00:00\" \/>\n<meta name=\"twitter:card\" content=\"summary_large_image\" \/>\n<meta name=\"twitter:label1\" content=\"Est. reading time\" \/>\n\t<meta name=\"twitter:data1\" content=\"5 minutes\" \/>\n<script type=\"application\/ld+json\" class=\"yoast-schema-graph\">{\"@context\":\"https:\/\/schema.org\",\"@graph\":[{\"@type\":\"WebPage\",\"@id\":\"https:\/\/cafe-live.de\/\",\"url\":\"https:\/\/cafe-live.de\/\",\"name\":\"Live Casino iPhone 2022 - Die besten Seiten in Deutschland\",\"isPartOf\":{\"@id\":\"https:\/\/cafe-live.de\/#website\"},\"datePublished\":\"2022-06-09T15:18:18+00:00\",\"dateModified\":\"2022-06-09T15:18:44+00:00\",\"description\":\"Spielen Sie Live Online Casinospiele mit Ihrem iPhone. Liste der besten Online Casinos mit Live Dealern in Deutschland f\u00fcr 2022\",\"breadcrumb\":{\"@id\":\"https:\/\/cafe-live.de\/#breadcrumb\"},\"inLanguage\":\"en-US\",\"potentialAction\":[{\"@type\":\"ReadAction\",\"target\":[\"https:\/\/cafe-live.de\/\"]}]},{\"@type\":\"BreadcrumbList\",\"@id\":\"https:\/\/cafe-live.de\/#breadcrumb\",\"itemListElement\":[{\"@type\":\"ListItem\",\"position\":1,\"name\":\"Home\",\"item\":\"https:\/\/cafe-live.de\/\"},{\"@type\":\"ListItem\",\"position\":2,\"name\":\"Live Casino iPhone\"}]},{\"@type\":\"WebSite\",\"@id\":\"https:\/\/cafe-live.de\/#website\",\"url\":\"https:\/\/cafe-live.de\/\",\"name\":\"Cafe Live for Live Casino Online\",\"description\":\"Cafe Live\",\"publisher\":{\"@id\":\"https:\/\/cafe-live.de\/#organization\"},\"potentialAction\":[{\"@type\":\"SearchAction\",\"target\":{\"@type\":\"EntryPoint\",\"urlTemplate\":\"https:\/\/cafe-live.de\/?s={search_term_string}\"},\"query-input\":\"required name=search_term_string\"}],\"inLanguage\":\"en-US\"},{\"@type\":\"Organization\",\"@id\":\"https:\/\/cafe-live.de\/#organization\",\"name\":\"Cafe Live for Live Casino Online\",\"url\":\"https:\/\/cafe-live.de\/\",\"logo\":{\"@type\":\"ImageObject\",\"inLanguage\":\"en-US\",\"@id\":\"https:\/\/cafe-live.de\/#\/schema\/logo\/image\/\",\"url\":\"https:\/\/cafe-live.de\/wp-content\/uploads\/2022\/06\/live-casino-for-iphone.jpg\",\"contentUrl\":\"https:\/\/cafe-live.de\/wp-content\/uploads\/2022\/06\/live-casino-for-iphone.jpg\",\"width\":340,\"height\":148,\"caption\":\"Cafe Live for Live Casino Online\"},\"image\":{\"@id\":\"https:\/\/cafe-live.de\/#\/schema\/logo\/image\/\"}}]}<\/script>\n<!-- \/ Yoast SEO plugin. -->","yoast_head_json":{"title":"Live Casino iPhone 2022 - Die besten Seiten in Deutschland","description":"Spielen Sie Live Online Casinospiele mit Ihrem iPhone. Liste der besten Online Casinos mit Live Dealern in Deutschland f\u00fcr 2022","robots":{"index":"index","follow":"follow","max-snippet":"max-snippet:-1","max-image-preview":"max-image-preview:large","max-video-preview":"max-video-preview:-1"},"canonical":"https:\/\/cafe-live.de\/","og_locale":"en_US","og_type":"article","og_title":"Live Casino iPhone 2022 - Die besten Seiten in Deutschland","og_description":"Spielen Sie Live Online Casinospiele mit Ihrem iPhone. Liste der besten Online Casinos mit Live Dealern in Deutschland f\u00fcr 2022","og_url":"https:\/\/cafe-live.de\/","og_site_name":"Cafe Live for Live Casino Online","article_modified_time":"2022-06-09T15:18:44+00:00","twitter_card":"summary_large_image","twitter_misc":{"Est. reading time":"5 minutes"},"schema":{"@context":"https:\/\/schema.org","@graph":[{"@type":"WebPage","@id":"https:\/\/cafe-live.de\/","url":"https:\/\/cafe-live.de\/","name":"Live Casino iPhone 2022 - Die besten Seiten in Deutschland","isPartOf":{"@id":"https:\/\/cafe-live.de\/#website"},"datePublished":"2022-06-09T15:18:18+00:00","dateModified":"2022-06-09T15:18:44+00:00","description":"Spielen Sie Live Online Casinospiele mit Ihrem iPhone. Liste der besten Online Casinos mit Live Dealern in Deutschland f\u00fcr 2022","breadcrumb":{"@id":"https:\/\/cafe-live.de\/#breadcrumb"},"inLanguage":"en-US","potentialAction":[{"@type":"ReadAction","target":["https:\/\/cafe-live.de\/"]}]},{"@type":"BreadcrumbList","@id":"https:\/\/cafe-live.de\/#breadcrumb","itemListElement":[{"@type":"ListItem","position":1,"name":"Home","item":"https:\/\/cafe-live.de\/"},{"@type":"ListItem","position":2,"name":"Live Casino iPhone"}]},{"@type":"WebSite","@id":"https:\/\/cafe-live.de\/#website","url":"https:\/\/cafe-live.de\/","name":"Cafe Live for Live Casino Online","description":"Cafe Live","publisher":{"@id":"https:\/\/cafe-live.de\/#organization"},"potentialAction":[{"@type":"SearchAction","target":{"@type":"EntryPoint","urlTemplate":"https:\/\/cafe-live.de\/?s={search_term_string}"},"query-input":"required name=search_term_string"}],"inLanguage":"en-US"},{"@type":"Organization","@id":"https:\/\/cafe-live.de\/#organization","name":"Cafe Live for Live Casino Online","url":"https:\/\/cafe-live.de\/","logo":{"@type":"ImageObject","inLanguage":"en-US","@id":"https:\/\/cafe-live.de\/#\/schema\/logo\/image\/","url":"https:\/\/cafe-live.de\/wp-content\/uploads\/2022\/06\/live-casino-for-iphone.jpg","contentUrl":"https:\/\/cafe-live.de\/wp-content\/uploads\/2022\/06\/live-casino-for-iphone.jpg","width":340,"height":148,"caption":"Cafe Live for Live Casino Online"},"image":{"@id":"https:\/\/cafe-live.de\/#\/schema\/logo\/image\/"}}]}},"_links":{"self":[{"href":"https:\/\/cafe-live.de\/index.php?rest_route=\/wp\/v2\/pages\/14","targetHints":{"allow":["GET"]}}],"collection":[{"href":"https:\/\/cafe-live.de\/index.php?rest_route=\/wp\/v2\/pages"}],"about":[{"href":"https:\/\/cafe-live.de\/index.php?rest_route=\/wp\/v2\/types\/page"}],"author":[{"embeddable":true,"href":"https:\/\/cafe-live.de\/index.php?rest_route=\/wp\/v2\/users\/1"}],"replies":[{"embeddable":true,"href":"https:\/\/cafe-live.de\/index.php?rest_route=%2Fwp%2Fv2%2Fcomments&post=14"}],"version-history":[{"count":4,"href":"https:\/\/cafe-live.de\/index.php?rest_route=\/wp\/v2\/pages\/14\/revisions"}],"predecessor-version":[{"id":20,"href":"https:\/\/cafe-live.de\/index.php?rest_route=\/wp\/v2\/pages\/14\/revisions\/20"}],"wp:attachment":[{"href":"https:\/\/cafe-live.de\/index.php?rest_route=%2Fwp%2Fv2%2Fmedia&parent=14"}],"curies":[{"name":"wp","href":"https:\/\/api.w.org\/{rel}","templated":true}]}}